{"id":22,"date":"2019-10-12T14:47:02","date_gmt":"2019-10-12T14:47:02","guid":{"rendered":"https:\/\/demo.kanthemes.com\/saye\/?page_id=22"},"modified":"2019-10-12T14:47:02","modified_gmt":"2019-10-12T14:47:02","slug":"hakkimizda","status":"publish","type":"page","link":"https:\/\/www.icerikal.com\/blog\/hakkimizda\/","title":{"rendered":"Hakk\u0131m\u0131zda"},"content":{"rendered":"<div class=\"container\"><div class=\"saye-banner saye-banner-single\"><img decoding=\"async\" src=\"http:\/\/demo.sayetema.com\/saye2\/wp-content\/uploads\/2019\/10\/728x90banner.jpg\" \/><\/div><\/div><blockquote><p>Lorem ipsum dolor sit amet, consectetuer adipiscing elit. Aenean commodo ligula eget dolor. Aenean massa. Cum sociis natoque penatibus et magnis dis parturient montes, nascetur ridiculus mus.<\/p><\/blockquote>\n<p>Kafein, kahve, \u00e7ay, \u00e7ikolata ve kolal\u0131 me\u015frubatlarda tabii olarak bulunur ve bir\u00e7ok yiyecek ve i\u00e7ece\u011fe, baz\u0131 ila\u00e7lara da eklenir.<\/p>\n<p>Kafeinin ritim bozuklu\u011fu yapmas\u0131ndan, tansiyonu y\u00fckseltmesinden ve kalp krizlerini tetiklemesinden endi\u015fe edilir.<\/p>\n<p>Di\u011fer taraftan kafeinli \u00fcr\u00fcnlerin kalp ve genel v\u00fccut sa\u011fl\u0131\u011f\u0131 i\u00e7in faydal\u0131 oldu\u011fu da m\u00e2lumdur. Journal of the American Heart Association\u2019 de yay\u0131nlanan yeni bir ara\u015ft\u0131rma kafeinli \u00fcr\u00fcnlerle ritim bozukluklar\u0131 aras\u0131nda bir ili\u015fki olmad\u0131\u011f\u0131n\u0131 ortaya koydu.<\/p>\n<p>Ara\u015ft\u0131rma 1388 ki\u015finin bir sene s\u00fcreyle kahve, \u00e7ay ve \u00e7ikolata t\u00fcketimlerinin ve 24 saatlik EKG\u2019 lerinin kaydedilmesi suretiyle ger\u00e7ekle\u015ftirildi. 65 ya\u015f\u0131n \u00fczerinde olan Cardiovascular Health Study kapsam\u0131ndaki kat\u0131l\u0131mc\u0131larda muhtemel risk fakt\u00f6rleri ayarland\u0131ktan sonra kafein al\u0131m\u0131 ile atrial veya ventrik\u00fcler aritmiler aras\u0131nda bir ili\u015fki bulunamad\u0131.<\/p>\n<p>Kafein, kahve, \u00e7ay, \u00e7ikolata ve kolal\u0131 me\u015frubatlarda tabii olarak bulunur ve bir\u00e7ok yiyecek ve i\u00e7ece\u011fe, baz\u0131 ila\u00e7lara da eklenir.<\/p>\n<p>Kafeinin ritim bozuklu\u011fu yapmas\u0131ndan, tansiyonu y\u00fckseltmesinden ve kalp krizlerini tetiklemesinden endi\u015fe edilir.<\/p>\n<p>Di\u011fer taraftan kafeinli \u00fcr\u00fcnlerin kalp ve genel v\u00fccut sa\u011fl\u0131\u011f\u0131 i\u00e7in faydal\u0131 oldu\u011fu da m\u00e2lumdur. Journal of the American Heart Association\u2019 de yay\u0131nlanan yeni bir ara\u015ft\u0131rma kafeinli \u00fcr\u00fcnlerle ritim bozukluklar\u0131 aras\u0131nda bir ili\u015fki olmad\u0131\u011f\u0131n\u0131 ortaya koydu.<\/p>\n<p>Ara\u015ft\u0131rma 1388 ki\u015finin bir sene s\u00fcreyle kahve, \u00e7ay ve \u00e7ikolata t\u00fcketimlerinin ve 24 saatlik EKG\u2019 lerinin kaydedilmesi suretiyle ger\u00e7ekle\u015ftirildi. 65 ya\u015f\u0131n \u00fczerinde olan Cardiovascular Health Study kapsam\u0131ndaki kat\u0131l\u0131mc\u0131larda muhtemel risk fakt\u00f6rleri ayarland\u0131ktan sonra kafein al\u0131m\u0131 ile atrial veya ventrik\u00fcler aritmiler aras\u0131nda bir ili\u015fki bulunamad\u0131.<\/p>\n<p>Kafein bir uyar\u0131c\u0131d\u0131r<\/p>\n<p>Kafein t\u0131pta merkezi ve \u00e7evresel sinir sistemini uyaran bir ila\u00e7 olarak kullan\u0131l\u0131r ve makul miktarlarda genellikle emniyetli bir madde olarak kabul edilir.<\/p>\n<p>Kafein, ayn\u0131 zamanda \u00e7ocuklarda kullan\u0131labilen tek psiko-aktif ila\u00e7t\u0131r ama fazla miktar kafein sinirlilik, huzursuzluk, uykusuzluk, mide-ba\u011f\u0131rsak problemleri ve \u00e7arp\u0131nt\u0131 gibi \u015fik\u00e2yetlere yol a\u00e7abilir.<\/p>\n<p>Belirli bir s\u00fcre kafein ihtiva eden yiyecek ve i\u00e7ecekleri t\u00fcketenlerde zamanlakafein ba\u011f\u0131ml\u0131l\u0131\u011f\u0131 geli\u015febilir ve bu ki\u015filer kafein almad\u0131klar\u0131nda huzursuzluk, sinirlilik, \u00e7arp\u0131nt\u0131, yorgunluk, ba\u015f a\u011fr\u0131s\u0131 gibi kafein yoksunlukbelirtileri g\u00f6sterebilirler.<\/p>\n<div class=\"container\"><div class=\"saye-banner saye-banner-single\"><img decoding=\"async\" src=\"http:\/\/demo.sayetema.com\/saye2\/wp-content\/uploads\/2019\/10\/728x90banner.jpg\" \/><\/div><\/div>","protected":false},"excerpt":{"rendered":"<p>Lorem ipsum dolor sit amet, consectetuer adipiscing elit. Aenean commodo ligula eget dolor. Aenean massa. Cum sociis natoque penatibus et magnis dis parturient montes, nascetur&#46;&#46;&#46;<\/p>\n","protected":false},"author":1,"featured_media":3682,"parent":0,"menu_order":0,"comment_status":"closed","ping_status":"closed","template":"","meta":{"footnotes":""},"yst_prominent_words":[],"class_list":["post-22","page","type-page","status-publish","has-post-thumbnail"],"_links":{"self":[{"href":"https:\/\/www.icerikal.com\/blog\/wp-json\/wp\/v2\/pages\/22","targetHints":{"allow":["GET"]}}],"collection":[{"href":"https:\/\/www.icerikal.com\/blog\/wp-json\/wp\/v2\/pages"}],"about":[{"href":"https:\/\/www.icerikal.com\/blog\/wp-json\/wp\/v2\/types\/page"}],"author":[{"embeddable":true,"href":"https:\/\/www.icerikal.com\/blog\/wp-json\/wp\/v2\/users\/1"}],"replies":[{"embeddable":true,"href":"https:\/\/www.icerikal.com\/blog\/wp-json\/wp\/v2\/comments?post=22"}],"version-history":[{"count":0,"href":"https:\/\/www.icerikal.com\/blog\/wp-json\/wp\/v2\/pages\/22\/revisions"}],"wp:featuredmedia":[{"embeddable":true,"href":"https:\/\/www.icerikal.com\/blog\/wp-json\/wp\/v2\/media\/3682"}],"wp:attachment":[{"href":"https:\/\/www.icerikal.com\/blog\/wp-json\/wp\/v2\/media?parent=22"}],"wp:term":[{"taxonomy":"yst_prominent_words","embeddable":true,"href":"https:\/\/www.icerikal.com\/blog\/wp-json\/wp\/v2\/yst_prominent_words?post=22"}],"curies":[{"name":"wp","href":"https:\/\/api.w.org\/{rel}","templated":true}]}}